{"id":2,"date":"2017-11-17T09:02:03","date_gmt":"2017-11-17T09:02:03","guid":{"rendered":"http:\/\/www.viidesnayttamo.fi\/?page_id=2"},"modified":"2026-03-30T10:33:58","modified_gmt":"2026-03-30T10:33:58","slug":"about","status":"publish","type":"page","link":"http:\/\/www.viidesnayttamo.fi\/","title":{"rendered":"Viides N\u00e4ytt\u00e4m\u00f6"},"content":{"rendered":"\n<div class=\"wp-block-columns is-layout-flex wp-container-core-columns-is-layout-9d6595d7 wp-block-columns-is-layout-flex\">\n<div class=\"wp-block-column is-layout-flow wp-block-column-is-layout-flow\"><\/div>\n<\/div>\n\n\n\n<div class=\"wp-block-columns is-layout-flex wp-container-core-columns-is-layout-9d6595d7 wp-block-columns-is-layout-flex\">\n<div class=\"wp-block-column is-layout-flow wp-block-column-is-layout-flow\">\n<figure class=\"wp-block-pullquote\"><blockquote><p>Ravintola Viides N\u00e4ytt\u00e4m\u00f6n verkkosivu on muuttanut Turun Kaupunginteatterin sivustolle.<\/p><cite><a href=\"https:\/\/tkteatteri.fi\/palvelut\/ravintola\/\" target=\"_blank\" rel=\"noreferrer noopener\">Astu peremm\u00e4lle<\/a><\/cite><\/blockquote><\/figure>\n<\/div>\n\n\n\n<div class=\"wp-block-column is-layout-flow wp-block-column-is-layout-flow\">\n<p class=\"has-text-align-center has-medium-font-size\"><br><\/p>\n\n\n\n<p class=\"has-text-align-center has-medium-font-size\"><br><\/p>\n<\/div>\n<\/div>\n\n\n\n<p><\/p>\n","protected":false},"excerpt":{"rendered":"<p>Ravintola Viides N\u00e4ytt\u00e4m\u00f6n verkkosivu on muuttanut Turun Kaupunginteatterin sivustolle. Astu peremm\u00e4lle<\/p>\n","protected":false},"author":1,"featured_media":0,"parent":0,"menu_order":0,"comment_status":"closed","ping_status":"open","template":"","meta":{"footnotes":""},"class_list":["post-2","page","type-page","status-publish","hentry","no-thumb"],"yoast_head":"<!-- This site is optimized with the Yoast SEO plugin v21.9.1 - https:\/\/yoast.com\/wordpress\/plugins\/seo\/ -->\n<title>Viides N\u00e4ytt\u00e4m\u00f6 - Viides N&auml;ytt&auml;m&ouml;<\/title>\n<meta name=\"description\" content=\"Iltaisin korkeatasoinen bistro, jossa tarjolla makuja ymp\u00e4ri maailman kauden kotimaisia raaka-aineita k\u00e4ytt\u00e4en. P\u00e4ivisin terveellinen lounas kasvisvaihtoehdolla. Turun Kaupunginteatterin oma kulttuuriruokala.\" \/>\n<meta name=\"robots\" content=\"index, follow, max-snippet:-1, max-image-preview:large, max-video-preview:-1\" \/>\n<link rel=\"canonical\" href=\"http:\/\/www.viidesnayttamo.fi\/\" \/>\n<meta property=\"og:locale\" content=\"en_US\" \/>\n<meta property=\"og:type\" content=\"article\" \/>\n<meta property=\"og:title\" content=\"Viides N\u00e4ytt\u00e4m\u00f6 - Viides N&auml;ytt&auml;m&ouml;\" \/>\n<meta property=\"og:description\" content=\"Iltaisin korkeatasoinen bistro, jossa tarjolla makuja ymp\u00e4ri maailman kauden kotimaisia raaka-aineita k\u00e4ytt\u00e4en. P\u00e4ivisin terveellinen lounas kasvisvaihtoehdolla. Turun Kaupunginteatterin oma kulttuuriruokala.\" \/>\n<meta property=\"og:url\" content=\"http:\/\/www.viidesnayttamo.fi\/\" \/>\n<meta property=\"og:site_name\" content=\"Viides N&auml;ytt&auml;m&ouml;\" \/>\n<meta property=\"article:publisher\" content=\"https:\/\/www.facebook.com\/viidesnayttamo\" \/>\n<meta property=\"article:modified_time\" content=\"2026-03-30T10:33:58+00:00\" \/>\n<meta name=\"twitter:card\" content=\"summary_large_image\" \/>\n<script type=\"application\/ld+json\" class=\"yoast-schema-graph\">{\"@context\":\"https:\/\/schema.org\",\"@graph\":[{\"@type\":\"WebPage\",\"@id\":\"http:\/\/www.viidesnayttamo.fi\/\",\"url\":\"http:\/\/www.viidesnayttamo.fi\/\",\"name\":\"Viides N\u00e4ytt\u00e4m\u00f6 - Viides N&auml;ytt&auml;m&ouml;\",\"isPartOf\":{\"@id\":\"http:\/\/www.viidesnayttamo.fi\/#website\"},\"datePublished\":\"2017-11-17T09:02:03+00:00\",\"dateModified\":\"2026-03-30T10:33:58+00:00\",\"description\":\"Iltaisin korkeatasoinen bistro, jossa tarjolla makuja ymp\u00e4ri maailman kauden kotimaisia raaka-aineita k\u00e4ytt\u00e4en. P\u00e4ivisin terveellinen lounas kasvisvaihtoehdolla. Turun Kaupunginteatterin oma kulttuuriruokala.\",\"breadcrumb\":{\"@id\":\"http:\/\/www.viidesnayttamo.fi\/#breadcrumb\"},\"inLanguage\":\"en\",\"potentialAction\":[{\"@type\":\"ReadAction\",\"target\":[\"http:\/\/www.viidesnayttamo.fi\/\"]}]},{\"@type\":\"BreadcrumbList\",\"@id\":\"http:\/\/www.viidesnayttamo.fi\/#breadcrumb\",\"itemListElement\":[{\"@type\":\"ListItem\",\"position\":1,\"name\":\"Home\",\"item\":\"http:\/\/www.viidesnayttamo.fi\/\"},{\"@type\":\"ListItem\",\"position\":2,\"name\":\"Viides N\u00e4ytt\u00e4m\u00f6\"}]},{\"@type\":\"WebSite\",\"@id\":\"http:\/\/www.viidesnayttamo.fi\/#website\",\"url\":\"http:\/\/www.viidesnayttamo.fi\/\",\"name\":\"Viides N\u00e4ytt\u00e4m\u00f6\",\"description\":\"Ravintola\",\"publisher\":{\"@id\":\"http:\/\/www.viidesnayttamo.fi\/#organization\"},\"potentialAction\":[{\"@type\":\"SearchAction\",\"target\":{\"@type\":\"EntryPoint\",\"urlTemplate\":\"http:\/\/www.viidesnayttamo.fi\/?s={search_term_string}\"},\"query-input\":\"required name=search_term_string\"}],\"inLanguage\":\"en\"},{\"@type\":\"Organization\",\"@id\":\"http:\/\/www.viidesnayttamo.fi\/#organization\",\"name\":\"Viides n\u00e4ytt\u00e4m\u00f6\",\"url\":\"http:\/\/www.viidesnayttamo.fi\/\",\"logo\":{\"@type\":\"ImageObject\",\"inLanguage\":\"en\",\"@id\":\"http:\/\/www.viidesnayttamo.fi\/#\/schema\/logo\/image\/\",\"url\":\"https:\/\/www.viidesnayttamo.fi\/wp-content\/uploads\/2021\/05\/VN-3D-RGB-NELIO-1.png\",\"contentUrl\":\"https:\/\/www.viidesnayttamo.fi\/wp-content\/uploads\/2021\/05\/VN-3D-RGB-NELIO-1.png\",\"width\":1080,\"height\":1080,\"caption\":\"Viides n\u00e4ytt\u00e4m\u00f6\"},\"image\":{\"@id\":\"http:\/\/www.viidesnayttamo.fi\/#\/schema\/logo\/image\/\"},\"sameAs\":[\"https:\/\/www.facebook.com\/viidesnayttamo\",\"https:\/\/www.instagram.com\/viidesnayttamo\/\"]}]}<\/script>\n<!-- \/ Yoast SEO plugin. -->","yoast_head_json":{"title":"Viides N\u00e4ytt\u00e4m\u00f6 - Viides N&auml;ytt&auml;m&ouml;","description":"Iltaisin korkeatasoinen bistro, jossa tarjolla makuja ymp\u00e4ri maailman kauden kotimaisia raaka-aineita k\u00e4ytt\u00e4en. P\u00e4ivisin terveellinen lounas kasvisvaihtoehdolla. Turun Kaupunginteatterin oma kulttuuriruokala.","robots":{"index":"index","follow":"follow","max-snippet":"max-snippet:-1","max-image-preview":"max-image-preview:large","max-video-preview":"max-video-preview:-1"},"canonical":"http:\/\/www.viidesnayttamo.fi\/","og_locale":"en_US","og_type":"article","og_title":"Viides N\u00e4ytt\u00e4m\u00f6 - Viides N&auml;ytt&auml;m&ouml;","og_description":"Iltaisin korkeatasoinen bistro, jossa tarjolla makuja ymp\u00e4ri maailman kauden kotimaisia raaka-aineita k\u00e4ytt\u00e4en. P\u00e4ivisin terveellinen lounas kasvisvaihtoehdolla. Turun Kaupunginteatterin oma kulttuuriruokala.","og_url":"http:\/\/www.viidesnayttamo.fi\/","og_site_name":"Viides N&auml;ytt&auml;m&ouml;","article_publisher":"https:\/\/www.facebook.com\/viidesnayttamo","article_modified_time":"2026-03-30T10:33:58+00:00","twitter_card":"summary_large_image","schema":{"@context":"https:\/\/schema.org","@graph":[{"@type":"WebPage","@id":"http:\/\/www.viidesnayttamo.fi\/","url":"http:\/\/www.viidesnayttamo.fi\/","name":"Viides N\u00e4ytt\u00e4m\u00f6 - Viides N&auml;ytt&auml;m&ouml;","isPartOf":{"@id":"http:\/\/www.viidesnayttamo.fi\/#website"},"datePublished":"2017-11-17T09:02:03+00:00","dateModified":"2026-03-30T10:33:58+00:00","description":"Iltaisin korkeatasoinen bistro, jossa tarjolla makuja ymp\u00e4ri maailman kauden kotimaisia raaka-aineita k\u00e4ytt\u00e4en. P\u00e4ivisin terveellinen lounas kasvisvaihtoehdolla. Turun Kaupunginteatterin oma kulttuuriruokala.","breadcrumb":{"@id":"http:\/\/www.viidesnayttamo.fi\/#breadcrumb"},"inLanguage":"en","potentialAction":[{"@type":"ReadAction","target":["http:\/\/www.viidesnayttamo.fi\/"]}]},{"@type":"BreadcrumbList","@id":"http:\/\/www.viidesnayttamo.fi\/#breadcrumb","itemListElement":[{"@type":"ListItem","position":1,"name":"Home","item":"http:\/\/www.viidesnayttamo.fi\/"},{"@type":"ListItem","position":2,"name":"Viides N\u00e4ytt\u00e4m\u00f6"}]},{"@type":"WebSite","@id":"http:\/\/www.viidesnayttamo.fi\/#website","url":"http:\/\/www.viidesnayttamo.fi\/","name":"Viides N\u00e4ytt\u00e4m\u00f6","description":"Ravintola","publisher":{"@id":"http:\/\/www.viidesnayttamo.fi\/#organization"},"potentialAction":[{"@type":"SearchAction","target":{"@type":"EntryPoint","urlTemplate":"http:\/\/www.viidesnayttamo.fi\/?s={search_term_string}"},"query-input":"required name=search_term_string"}],"inLanguage":"en"},{"@type":"Organization","@id":"http:\/\/www.viidesnayttamo.fi\/#organization","name":"Viides n\u00e4ytt\u00e4m\u00f6","url":"http:\/\/www.viidesnayttamo.fi\/","logo":{"@type":"ImageObject","inLanguage":"en","@id":"http:\/\/www.viidesnayttamo.fi\/#\/schema\/logo\/image\/","url":"https:\/\/www.viidesnayttamo.fi\/wp-content\/uploads\/2021\/05\/VN-3D-RGB-NELIO-1.png","contentUrl":"https:\/\/www.viidesnayttamo.fi\/wp-content\/uploads\/2021\/05\/VN-3D-RGB-NELIO-1.png","width":1080,"height":1080,"caption":"Viides n\u00e4ytt\u00e4m\u00f6"},"image":{"@id":"http:\/\/www.viidesnayttamo.fi\/#\/schema\/logo\/image\/"},"sameAs":["https:\/\/www.facebook.com\/viidesnayttamo","https:\/\/www.instagram.com\/viidesnayttamo\/"]}]}},"_links":{"self":[{"href":"http:\/\/www.viidesnayttamo.fi\/index.php?rest_route=\/wp\/v2\/pages\/2","targetHints":{"allow":["GET"]}}],"collection":[{"href":"http:\/\/www.viidesnayttamo.fi\/index.php?rest_route=\/wp\/v2\/pages"}],"about":[{"href":"http:\/\/www.viidesnayttamo.fi\/index.php?rest_route=\/wp\/v2\/types\/page"}],"author":[{"embeddable":true,"href":"http:\/\/www.viidesnayttamo.fi\/index.php?rest_route=\/wp\/v2\/users\/1"}],"replies":[{"embeddable":true,"href":"http:\/\/www.viidesnayttamo.fi\/index.php?rest_route=%2Fwp%2Fv2%2Fcomments&post=2"}],"version-history":[{"count":47,"href":"http:\/\/www.viidesnayttamo.fi\/index.php?rest_route=\/wp\/v2\/pages\/2\/revisions"}],"predecessor-version":[{"id":1463,"href":"http:\/\/www.viidesnayttamo.fi\/index.php?rest_route=\/wp\/v2\/pages\/2\/revisions\/1463"}],"wp:attachment":[{"href":"http:\/\/www.viidesnayttamo.fi\/index.php?rest_route=%2Fwp%2Fv2%2Fmedia&parent=2"}],"curies":[{"name":"wp","href":"https:\/\/api.w.org\/{rel}","templated":true}]}}