{"id":78,"date":"2021-05-26T16:32:04","date_gmt":"2021-05-26T16:32:04","guid":{"rendered":"http:\/\/www.viidesnayttamo.fi\/?page_id=78"},"modified":"2026-04-08T12:27:37","modified_gmt":"2026-04-08T12:27:37","slug":"bistro","status":"publish","type":"page","link":"http:\/\/www.viidesnayttamo.fi\/?page_id=78","title":{"rendered":"RUOKALISTA"},"content":{"rendered":"\n<h2 class=\"wp-block-heading\">Teatterimenu 52 \u20ac<\/h2>\n\n\n\n<p><strong>Parsaa ja hollandaisekastiketta L &nbsp;<\/strong><\/p>\n\n\n\n<p>Kylm\u00e4savulohta, kuivattua kirsikkatomaattia ja briossikrutonkeja&nbsp;<\/p>\n\n\n\n<p>***<\/p>\n\n\n\n<p><strong>Filee \u00e1 la Oscar L,G &nbsp;<\/strong><\/p>\n\n\n\n<p>Naudan sis\u00e4file (150g), choron- kastiketta, k\u00e4sinkuorittuja katkarapuja ja parsaa&nbsp;<\/p>\n\n\n\n<p>TAI<\/p>\n\n\n\n<p><strong>Paahdettua p\u00e4iv\u00e4n kalaa ja hollandaisekastiketta L,G<\/strong><\/p>\n\n\n\n<p>Rapeaa perunaa, m\u00e4ti\u00e4, tilli\u00f6ljy\u00e4 ja sesongin kasviksia&nbsp;<\/p>\n\n\n\n<p>****<\/p>\n\n\n\n<p><strong>Pannacottaa ja vadelmaa L,G<\/strong><\/p>\n\n\n\n<p>Rapeaa suklaata<\/p>\n\n\n\n<p><\/p>\n\n\n\n<p><\/p>\n\n\n\n<h2 class=\"wp-block-heading\">Bistrolista<\/h2>\n\n\n\n<h3 class=\"wp-block-heading\">Alkuruoat<\/h3>\n\n\n\n<p><strong>Parsaa ja hollandaisekastiketta L 14 \u20ac&nbsp;<\/strong><\/p>\n\n\n\n<p>Kylm\u00e4savulohta, kuivattua kirsikkatomaattia ja briossikrutonkeja&nbsp;<\/p>\n\n\n\n<p><strong>H\u00e4rk\u00e4tartar, ranskalaista cocktailkastiketta ja grillattua syd\u00e4nsalaattia L 15 \u20ac&nbsp;<\/strong><\/p>\n\n\n\n<p>Rapeaa salottisipulia ja hapanjuurifocacciaa&nbsp;<\/p>\n\n\n\n<p><strong>Sokerisuolattua siikaa 15 \u20ac&nbsp;<\/strong><\/p>\n\n\n\n<p>Tilli-piim\u00e4kastiketta, varhaisperunaa ja kurkkua&nbsp;<\/p>\n\n\n\n<p><strong>Parsaa, kukkakaalia, varsiparsakaalia ja talon briossia L, SVeg 13 \u20ac&nbsp;<\/strong><\/p>\n\n\n\n<p>Aiolia ja manteli-pistaasicrumble&nbsp;<\/p>\n\n\n\n<h3 class=\"wp-block-heading\">P\u00e4\u00e4ruoat<\/h3>\n\n\n\n<p><strong>Filee \u00e1 la Oscar L,G 33 \u20ac&nbsp;<\/strong><\/p>\n\n\n\n<p>Naudan sis\u00e4file (150g), choron- kastiketta, k\u00e4sinkuorittuja katkarapuja ja parsaa&nbsp;<\/p>\n\n\n\n<p><strong>Paahdettua p\u00e4iv\u00e4n kalaa ja hollandaisekastiketta L,G 31 \u20ac&nbsp;<\/strong><\/p>\n\n\n\n<p>Rapeaa perunaa, m\u00e4ti\u00e4, tilli\u00f6ljy\u00e4 ja sesongin kasviksia&nbsp;<\/p>\n\n\n\n<p><strong>Valkoinen parsarisotto L,G, SVeg 28 \u20ac&nbsp;<\/strong><\/p>\n\n\n\n<p>Yrttimousse, kuivattua kirsikkatomaattia ja parmesaanicrumble&nbsp;<\/p>\n\n\n\n<p><strong>Paahdettua osterivinokasta L,G,SVeg 25 \u20ac&nbsp;<\/strong><\/p>\n\n\n\n<p>Parsa-velout\u00e9, sesongin kasviksia ja pikkel\u00f6ity\u00e4 porkkanaa&nbsp;<\/p>\n\n\n\n<h3 class=\"wp-block-heading\">J\u00e4lkiruoat<\/h3>\n\n\n\n<p><strong>Pannacottaa ja vadelmaa L,G 10 \u20ac<\/strong><\/p>\n\n\n\n<p>Rapeaa suklaata<\/p>\n\n\n\n<p><strong>Marenkia, vaniljakreemi\u00e4 ja raparperia L,G 12 \u20ac<\/strong><\/p>\n\n\n\n<p>Marinoitua mansikkaa<\/p>\n\n\n\n<p><strong>Talon kirsikkasorbet Veg,G 8 \u20ac<\/strong><\/p>\n\n\n\n<p>rapeaa suklaata ja minttua<\/p>\n\n\n\n<p><strong>Herkkujuustolan artesaanijuustovalikoima 12 \u20ac<\/strong><\/p>\n\n\n\n<p>karviaiskompottia ja juurileip\u00e4\u00e4<\/p>\n\n\n\n<p class=\"has-text-align-center\"><br>L=laktoositon, G=gluteeniton, sG=saatavana gluteenittomana VL=v\u00e4h\u00e4laktoosinen, <\/p>\n\n\n\n<p class=\"has-text-align-center\">Veg=vegaaninen, sVEg=saatavana vegaanisena<\/p>\n","protected":false},"excerpt":{"rendered":"<p>Teatterimenu 52 \u20ac Parsaa ja hollandaisekastiketta L &nbsp; Kylm\u00e4savulohta, kuivattua kirsikkatomaattia ja briossikrutonkeja&nbsp; *** Filee \u00e1 la Oscar L,G &nbsp; Naudan sis\u00e4file (150g), choron- kastiketta, k\u00e4sinkuorittuja katkarapuja ja parsaa&nbsp; TAI Paahdettua p\u00e4iv\u00e4n kalaa ja hollandaisekastiketta L,G Rapeaa perunaa, m\u00e4ti\u00e4, tilli\u00f6ljy\u00e4 ja sesongin kasviksia&nbsp; **** Pannacottaa ja vadelmaa L,G Rapeaa suklaata Bistrolista Alkuruoat Parsaa ja hollandaisekastikettaContinue reading &rarr;<\/p>\n","protected":false},"author":1,"featured_media":0,"parent":0,"menu_order":0,"comment_status":"closed","ping_status":"closed","template":"","meta":{"footnotes":""},"class_list":["post-78","page","type-page","status-publish","hentry","no-thumb"],"yoast_head":"<!-- This site is optimized with the Yoast SEO plugin v21.9.1 - https:\/\/yoast.com\/wordpress\/plugins\/seo\/ -->\n<title>RUOKALISTA - Viides N&auml;ytt&auml;m&ouml;<\/title>\n<meta name=\"robots\" content=\"index, follow, max-snippet:-1, max-image-preview:large, max-video-preview:-1\" \/>\n<link rel=\"canonical\" href=\"https:\/\/www.viidesnayttamo.fi\/?page_id=78\" \/>\n<meta property=\"og:locale\" content=\"en_US\" \/>\n<meta property=\"og:type\" content=\"article\" \/>\n<meta property=\"og:title\" content=\"RUOKALISTA - Viides N&auml;ytt&auml;m&ouml;\" \/>\n<meta property=\"og:description\" content=\"Teatterimenu 52 \u20ac Parsaa ja hollandaisekastiketta L &nbsp; Kylm\u00e4savulohta, kuivattua kirsikkatomaattia ja briossikrutonkeja&nbsp; *** Filee \u00e1 la Oscar L,G &nbsp; Naudan sis\u00e4file (150g), choron- kastiketta, k\u00e4sinkuorittuja katkarapuja ja parsaa&nbsp; TAI Paahdettua p\u00e4iv\u00e4n kalaa ja hollandaisekastiketta L,G Rapeaa perunaa, m\u00e4ti\u00e4, tilli\u00f6ljy\u00e4 ja sesongin kasviksia&nbsp; **** Pannacottaa ja vadelmaa L,G Rapeaa suklaata Bistrolista Alkuruoat Parsaa ja hollandaisekastikettaContinue reading &rarr;\" \/>\n<meta property=\"og:url\" content=\"https:\/\/www.viidesnayttamo.fi\/?page_id=78\" \/>\n<meta property=\"og:site_name\" content=\"Viides N&auml;ytt&auml;m&ouml;\" \/>\n<meta property=\"article:publisher\" content=\"https:\/\/www.facebook.com\/viidesnayttamo\" \/>\n<meta property=\"article:modified_time\" content=\"2026-04-08T12:27:37+00:00\" \/>\n<meta name=\"twitter:card\" content=\"summary_large_image\" \/>\n<meta name=\"twitter:label1\" content=\"Est. reading time\" \/>\n\t<meta name=\"twitter:data1\" content=\"1 minute\" \/>\n<script type=\"application\/ld+json\" class=\"yoast-schema-graph\">{\"@context\":\"https:\/\/schema.org\",\"@graph\":[{\"@type\":\"WebPage\",\"@id\":\"https:\/\/www.viidesnayttamo.fi\/?page_id=78\",\"url\":\"https:\/\/www.viidesnayttamo.fi\/?page_id=78\",\"name\":\"RUOKALISTA - Viides N&auml;ytt&auml;m&ouml;\",\"isPartOf\":{\"@id\":\"http:\/\/www.viidesnayttamo.fi\/#website\"},\"datePublished\":\"2021-05-26T16:32:04+00:00\",\"dateModified\":\"2026-04-08T12:27:37+00:00\",\"breadcrumb\":{\"@id\":\"https:\/\/www.viidesnayttamo.fi\/?page_id=78#breadcrumb\"},\"inLanguage\":\"en\",\"potentialAction\":[{\"@type\":\"ReadAction\",\"target\":[\"https:\/\/www.viidesnayttamo.fi\/?page_id=78\"]}]},{\"@type\":\"BreadcrumbList\",\"@id\":\"https:\/\/www.viidesnayttamo.fi\/?page_id=78#breadcrumb\",\"itemListElement\":[{\"@type\":\"ListItem\",\"position\":1,\"name\":\"Home\",\"item\":\"http:\/\/www.viidesnayttamo.fi\/\"},{\"@type\":\"ListItem\",\"position\":2,\"name\":\"RUOKALISTA\"}]},{\"@type\":\"WebSite\",\"@id\":\"http:\/\/www.viidesnayttamo.fi\/#website\",\"url\":\"http:\/\/www.viidesnayttamo.fi\/\",\"name\":\"Viides N\u00e4ytt\u00e4m\u00f6\",\"description\":\"Ravintola\",\"publisher\":{\"@id\":\"http:\/\/www.viidesnayttamo.fi\/#organization\"},\"potentialAction\":[{\"@type\":\"SearchAction\",\"target\":{\"@type\":\"EntryPoint\",\"urlTemplate\":\"http:\/\/www.viidesnayttamo.fi\/?s={search_term_string}\"},\"query-input\":\"required name=search_term_string\"}],\"inLanguage\":\"en\"},{\"@type\":\"Organization\",\"@id\":\"http:\/\/www.viidesnayttamo.fi\/#organization\",\"name\":\"Viides n\u00e4ytt\u00e4m\u00f6\",\"url\":\"http:\/\/www.viidesnayttamo.fi\/\",\"logo\":{\"@type\":\"ImageObject\",\"inLanguage\":\"en\",\"@id\":\"http:\/\/www.viidesnayttamo.fi\/#\/schema\/logo\/image\/\",\"url\":\"https:\/\/www.viidesnayttamo.fi\/wp-content\/uploads\/2021\/05\/VN-3D-RGB-NELIO-1.png\",\"contentUrl\":\"https:\/\/www.viidesnayttamo.fi\/wp-content\/uploads\/2021\/05\/VN-3D-RGB-NELIO-1.png\",\"width\":1080,\"height\":1080,\"caption\":\"Viides n\u00e4ytt\u00e4m\u00f6\"},\"image\":{\"@id\":\"http:\/\/www.viidesnayttamo.fi\/#\/schema\/logo\/image\/\"},\"sameAs\":[\"https:\/\/www.facebook.com\/viidesnayttamo\",\"https:\/\/www.instagram.com\/viidesnayttamo\/\"]}]}<\/script>\n<!-- \/ Yoast SEO plugin. -->","yoast_head_json":{"title":"RUOKALISTA - Viides N&auml;ytt&auml;m&ouml;","robots":{"index":"index","follow":"follow","max-snippet":"max-snippet:-1","max-image-preview":"max-image-preview:large","max-video-preview":"max-video-preview:-1"},"canonical":"https:\/\/www.viidesnayttamo.fi\/?page_id=78","og_locale":"en_US","og_type":"article","og_title":"RUOKALISTA - Viides N&auml;ytt&auml;m&ouml;","og_description":"Teatterimenu 52 \u20ac Parsaa ja hollandaisekastiketta L &nbsp; Kylm\u00e4savulohta, kuivattua kirsikkatomaattia ja briossikrutonkeja&nbsp; *** Filee \u00e1 la Oscar L,G &nbsp; Naudan sis\u00e4file (150g), choron- kastiketta, k\u00e4sinkuorittuja katkarapuja ja parsaa&nbsp; TAI Paahdettua p\u00e4iv\u00e4n kalaa ja hollandaisekastiketta L,G Rapeaa perunaa, m\u00e4ti\u00e4, tilli\u00f6ljy\u00e4 ja sesongin kasviksia&nbsp; **** Pannacottaa ja vadelmaa L,G Rapeaa suklaata Bistrolista Alkuruoat Parsaa ja hollandaisekastikettaContinue reading &rarr;","og_url":"https:\/\/www.viidesnayttamo.fi\/?page_id=78","og_site_name":"Viides N&auml;ytt&auml;m&ouml;","article_publisher":"https:\/\/www.facebook.com\/viidesnayttamo","article_modified_time":"2026-04-08T12:27:37+00:00","twitter_card":"summary_large_image","twitter_misc":{"Est. reading time":"1 minute"},"schema":{"@context":"https:\/\/schema.org","@graph":[{"@type":"WebPage","@id":"https:\/\/www.viidesnayttamo.fi\/?page_id=78","url":"https:\/\/www.viidesnayttamo.fi\/?page_id=78","name":"RUOKALISTA - Viides N&auml;ytt&auml;m&ouml;","isPartOf":{"@id":"http:\/\/www.viidesnayttamo.fi\/#website"},"datePublished":"2021-05-26T16:32:04+00:00","dateModified":"2026-04-08T12:27:37+00:00","breadcrumb":{"@id":"https:\/\/www.viidesnayttamo.fi\/?page_id=78#breadcrumb"},"inLanguage":"en","potentialAction":[{"@type":"ReadAction","target":["https:\/\/www.viidesnayttamo.fi\/?page_id=78"]}]},{"@type":"BreadcrumbList","@id":"https:\/\/www.viidesnayttamo.fi\/?page_id=78#breadcrumb","itemListElement":[{"@type":"ListItem","position":1,"name":"Home","item":"http:\/\/www.viidesnayttamo.fi\/"},{"@type":"ListItem","position":2,"name":"RUOKALISTA"}]},{"@type":"WebSite","@id":"http:\/\/www.viidesnayttamo.fi\/#website","url":"http:\/\/www.viidesnayttamo.fi\/","name":"Viides N\u00e4ytt\u00e4m\u00f6","description":"Ravintola","publisher":{"@id":"http:\/\/www.viidesnayttamo.fi\/#organization"},"potentialAction":[{"@type":"SearchAction","target":{"@type":"EntryPoint","urlTemplate":"http:\/\/www.viidesnayttamo.fi\/?s={search_term_string}"},"query-input":"required name=search_term_string"}],"inLanguage":"en"},{"@type":"Organization","@id":"http:\/\/www.viidesnayttamo.fi\/#organization","name":"Viides n\u00e4ytt\u00e4m\u00f6","url":"http:\/\/www.viidesnayttamo.fi\/","logo":{"@type":"ImageObject","inLanguage":"en","@id":"http:\/\/www.viidesnayttamo.fi\/#\/schema\/logo\/image\/","url":"https:\/\/www.viidesnayttamo.fi\/wp-content\/uploads\/2021\/05\/VN-3D-RGB-NELIO-1.png","contentUrl":"https:\/\/www.viidesnayttamo.fi\/wp-content\/uploads\/2021\/05\/VN-3D-RGB-NELIO-1.png","width":1080,"height":1080,"caption":"Viides n\u00e4ytt\u00e4m\u00f6"},"image":{"@id":"http:\/\/www.viidesnayttamo.fi\/#\/schema\/logo\/image\/"},"sameAs":["https:\/\/www.facebook.com\/viidesnayttamo","https:\/\/www.instagram.com\/viidesnayttamo\/"]}]}},"_links":{"self":[{"href":"http:\/\/www.viidesnayttamo.fi\/index.php?rest_route=\/wp\/v2\/pages\/78","targetHints":{"allow":["GET"]}}],"collection":[{"href":"http:\/\/www.viidesnayttamo.fi\/index.php?rest_route=\/wp\/v2\/pages"}],"about":[{"href":"http:\/\/www.viidesnayttamo.fi\/index.php?rest_route=\/wp\/v2\/types\/page"}],"author":[{"embeddable":true,"href":"http:\/\/www.viidesnayttamo.fi\/index.php?rest_route=\/wp\/v2\/users\/1"}],"replies":[{"embeddable":true,"href":"http:\/\/www.viidesnayttamo.fi\/index.php?rest_route=%2Fwp%2Fv2%2Fcomments&post=78"}],"version-history":[{"count":67,"href":"http:\/\/www.viidesnayttamo.fi\/index.php?rest_route=\/wp\/v2\/pages\/78\/revisions"}],"predecessor-version":[{"id":1470,"href":"http:\/\/www.viidesnayttamo.fi\/index.php?rest_route=\/wp\/v2\/pages\/78\/revisions\/1470"}],"wp:attachment":[{"href":"http:\/\/www.viidesnayttamo.fi\/index.php?rest_route=%2Fwp%2Fv2%2Fmedia&parent=78"}],"curies":[{"name":"wp","href":"https:\/\/api.w.org\/{rel}","templated":true}]}}