{"id":83,"date":"2021-05-28T09:34:10","date_gmt":"2021-05-28T09:34:10","guid":{"rendered":"http:\/\/www.viidesnayttamo.fi\/?page_id=83"},"modified":"2025-10-22T07:23:27","modified_gmt":"2025-10-22T07:23:27","slug":"varaus","status":"publish","type":"page","link":"http:\/\/www.viidesnayttamo.fi\/?page_id=83","title":{"rendered":"P\u00d6YT\u00c4VARAUKSET"},"content":{"rendered":"\n<div class=\"wp-block-columns is-layout-flex wp-container-core-columns-is-layout-9d6595d7 wp-block-columns-is-layout-flex\">\n<div class=\"wp-block-column is-layout-flow wp-block-column-is-layout-flow\">\n<p>P\u00f6yt\u00e4varausj\u00e4rjestelm\u00e4st\u00e4 voit tehd\u00e4 varauksia vain 1-6 hengen seurueille. <strong>Yli kuuden hengen varauksissa ole yhteydess\u00e4 meihin<\/strong> s\u00e4hk\u00f6postilla <a href=\"mailto:viidesnayttamo@kulttuuriranta.fi\">viidesnayttamo@kulttuuriranta.fi<\/a>. Tee varauksesi <a href=\"https:\/\/v2.tableonline.fi\/instabook\/bookings\/8Chiyp4\" target=\"_blank\" rel=\"noreferrer noopener\">t\u00e4\u00e4ll\u00e4<\/a>.<\/p>\n\n\n\n<p><strong>Otamme p\u00f6yt\u00e4varauksia my\u00f6s lounasaikaan klo 11-14<\/strong>. Huomioithan ett\u00e4 lounasaikaan bistromenu ei ole tarjolla vaan tarjoamme buffetlounasta. Katso viikon lounaslista <a href=\"http:\/\/www.viidesnayttamo.fi\/?page_id=73\" target=\"_blank\" rel=\"noreferrer noopener\">t\u00e4\u00e4lt\u00e4<\/a> <\/p>\n\n\n\n<p>Turun kaupunginteatterin lahjakortit k\u00e4yv\u00e4t ravintolassa maksuv\u00e4lineen\u00e4. Huomioithan, ett\u00e4 emme voi antaa lahjakortista takaisin, eli koko lahjakortin summa tulee k\u00e4ytt\u00e4\u00e4 kerralla. Lippupisteen omat lahjakortit eiv\u00e4t k\u00e4y ravintolassa.<\/p>\n<\/div>\n\n\n\n<div class=\"wp-block-column is-layout-flow wp-block-column-is-layout-flow\">\n<figure class=\"wp-block-image size-large\"><a href=\"http:\/\/www.viidesnayttamo.fi\/wp-content\/uploads\/2023\/03\/VIIDESNA\u0308YTTA\u0308MO\u0308KUVAKASCanon0044-scaled.jpg\"><img loading=\"lazy\" decoding=\"async\" width=\"768\" height=\"1024\" src=\"http:\/\/www.viidesnayttamo.fi\/wp-content\/uploads\/2023\/03\/VIIDESNA\u0308YTTA\u0308MO\u0308KUVAKASCanon0044-768x1024.jpg\" alt=\"\" class=\"wp-image-859\" srcset=\"http:\/\/www.viidesnayttamo.fi\/wp-content\/uploads\/2023\/03\/VIIDESNA\u0308YTTA\u0308MO\u0308KUVAKASCanon0044-768x1024.jpg 768w, http:\/\/www.viidesnayttamo.fi\/wp-content\/uploads\/2023\/03\/VIIDESNA\u0308YTTA\u0308MO\u0308KUVAKASCanon0044-225x300.jpg 225w, http:\/\/www.viidesnayttamo.fi\/wp-content\/uploads\/2023\/03\/VIIDESNA\u0308YTTA\u0308MO\u0308KUVAKASCanon0044-1152x1536.jpg 1152w, http:\/\/www.viidesnayttamo.fi\/wp-content\/uploads\/2023\/03\/VIIDESNA\u0308YTTA\u0308MO\u0308KUVAKASCanon0044-1536x2048.jpg 1536w, http:\/\/www.viidesnayttamo.fi\/wp-content\/uploads\/2023\/03\/VIIDESNA\u0308YTTA\u0308MO\u0308KUVAKASCanon0044-scaled.jpg 1920w\" sizes=\"auto, (max-width: 768px) 100vw, 768px\" \/><\/a><\/figure>\n<\/div>\n<\/div>\n","protected":false},"excerpt":{"rendered":"<p>P\u00f6yt\u00e4varausj\u00e4rjestelm\u00e4st\u00e4 voit tehd\u00e4 varauksia vain 1-6 hengen seurueille. Yli kuuden hengen varauksissa ole yhteydess\u00e4 meihin s\u00e4hk\u00f6postilla viidesnayttamo@kulttuuriranta.fi. Tee varauksesi t\u00e4\u00e4ll\u00e4. Otamme p\u00f6yt\u00e4varauksia my\u00f6s lounasaikaan klo 11-14. Huomioithan ett\u00e4 lounasaikaan bistromenu ei ole tarjolla vaan tarjoamme buffetlounasta. Katso viikon lounaslista t\u00e4\u00e4lt\u00e4 Turun kaupunginteatterin lahjakortit k\u00e4yv\u00e4t ravintolassa maksuv\u00e4lineen\u00e4. Huomioithan, ett\u00e4 emme voi antaa lahjakortista takaisin, eli kokoContinue reading &rarr;<\/p>\n","protected":false},"author":1,"featured_media":0,"parent":0,"menu_order":0,"comment_status":"closed","ping_status":"closed","template":"","meta":{"footnotes":""},"class_list":["post-83","page","type-page","status-publish","hentry","no-thumb"],"yoast_head":"<!-- This site is optimized with the Yoast SEO plugin v21.9.1 - https:\/\/yoast.com\/wordpress\/plugins\/seo\/ -->\n<title>P\u00d6YT\u00c4VARAUKSET - Viides N&auml;ytt&auml;m&ouml;<\/title>\n<meta name=\"robots\" content=\"index, follow, max-snippet:-1, max-image-preview:large, max-video-preview:-1\" \/>\n<link rel=\"canonical\" href=\"http:\/\/www.viidesnayttamo.fi\/?page_id=83\" \/>\n<meta property=\"og:locale\" content=\"en_US\" \/>\n<meta property=\"og:type\" content=\"article\" \/>\n<meta property=\"og:title\" content=\"P\u00d6YT\u00c4VARAUKSET - Viides N&auml;ytt&auml;m&ouml;\" \/>\n<meta property=\"og:description\" content=\"P\u00f6yt\u00e4varausj\u00e4rjestelm\u00e4st\u00e4 voit tehd\u00e4 varauksia vain 1-6 hengen seurueille. Yli kuuden hengen varauksissa ole yhteydess\u00e4 meihin s\u00e4hk\u00f6postilla viidesnayttamo@kulttuuriranta.fi. Tee varauksesi t\u00e4\u00e4ll\u00e4. Otamme p\u00f6yt\u00e4varauksia my\u00f6s lounasaikaan klo 11-14. Huomioithan ett\u00e4 lounasaikaan bistromenu ei ole tarjolla vaan tarjoamme buffetlounasta. Katso viikon lounaslista t\u00e4\u00e4lt\u00e4 Turun kaupunginteatterin lahjakortit k\u00e4yv\u00e4t ravintolassa maksuv\u00e4lineen\u00e4. Huomioithan, ett\u00e4 emme voi antaa lahjakortista takaisin, eli kokoContinue reading &rarr;\" \/>\n<meta property=\"og:url\" content=\"http:\/\/www.viidesnayttamo.fi\/?page_id=83\" \/>\n<meta property=\"og:site_name\" content=\"Viides N&auml;ytt&auml;m&ouml;\" \/>\n<meta property=\"article:publisher\" content=\"https:\/\/www.facebook.com\/viidesnayttamo\" \/>\n<meta property=\"article:modified_time\" content=\"2025-10-22T07:23:27+00:00\" \/>\n<meta name=\"twitter:card\" content=\"summary_large_image\" \/>\n<meta name=\"twitter:label1\" content=\"Est. reading time\" \/>\n\t<meta name=\"twitter:data1\" content=\"1 minute\" \/>\n<script type=\"application\/ld+json\" class=\"yoast-schema-graph\">{\"@context\":\"https:\/\/schema.org\",\"@graph\":[{\"@type\":\"WebPage\",\"@id\":\"http:\/\/www.viidesnayttamo.fi\/?page_id=83\",\"url\":\"http:\/\/www.viidesnayttamo.fi\/?page_id=83\",\"name\":\"P\u00d6YT\u00c4VARAUKSET - Viides N&auml;ytt&auml;m&ouml;\",\"isPartOf\":{\"@id\":\"http:\/\/www.viidesnayttamo.fi\/#website\"},\"datePublished\":\"2021-05-28T09:34:10+00:00\",\"dateModified\":\"2025-10-22T07:23:27+00:00\",\"breadcrumb\":{\"@id\":\"http:\/\/www.viidesnayttamo.fi\/?page_id=83#breadcrumb\"},\"inLanguage\":\"en\",\"potentialAction\":[{\"@type\":\"ReadAction\",\"target\":[\"http:\/\/www.viidesnayttamo.fi\/?page_id=83\"]}]},{\"@type\":\"BreadcrumbList\",\"@id\":\"http:\/\/www.viidesnayttamo.fi\/?page_id=83#breadcrumb\",\"itemListElement\":[{\"@type\":\"ListItem\",\"position\":1,\"name\":\"Home\",\"item\":\"http:\/\/www.viidesnayttamo.fi\/\"},{\"@type\":\"ListItem\",\"position\":2,\"name\":\"P\u00d6YT\u00c4VARAUKSET\"}]},{\"@type\":\"WebSite\",\"@id\":\"http:\/\/www.viidesnayttamo.fi\/#website\",\"url\":\"http:\/\/www.viidesnayttamo.fi\/\",\"name\":\"Viides N\u00e4ytt\u00e4m\u00f6\",\"description\":\"Ravintola\",\"publisher\":{\"@id\":\"http:\/\/www.viidesnayttamo.fi\/#organization\"},\"potentialAction\":[{\"@type\":\"SearchAction\",\"target\":{\"@type\":\"EntryPoint\",\"urlTemplate\":\"http:\/\/www.viidesnayttamo.fi\/?s={search_term_string}\"},\"query-input\":\"required name=search_term_string\"}],\"inLanguage\":\"en\"},{\"@type\":\"Organization\",\"@id\":\"http:\/\/www.viidesnayttamo.fi\/#organization\",\"name\":\"Viides n\u00e4ytt\u00e4m\u00f6\",\"url\":\"http:\/\/www.viidesnayttamo.fi\/\",\"logo\":{\"@type\":\"ImageObject\",\"inLanguage\":\"en\",\"@id\":\"http:\/\/www.viidesnayttamo.fi\/#\/schema\/logo\/image\/\",\"url\":\"https:\/\/www.viidesnayttamo.fi\/wp-content\/uploads\/2021\/05\/VN-3D-RGB-NELIO-1.png\",\"contentUrl\":\"https:\/\/www.viidesnayttamo.fi\/wp-content\/uploads\/2021\/05\/VN-3D-RGB-NELIO-1.png\",\"width\":1080,\"height\":1080,\"caption\":\"Viides n\u00e4ytt\u00e4m\u00f6\"},\"image\":{\"@id\":\"http:\/\/www.viidesnayttamo.fi\/#\/schema\/logo\/image\/\"},\"sameAs\":[\"https:\/\/www.facebook.com\/viidesnayttamo\",\"https:\/\/www.instagram.com\/viidesnayttamo\/\"]}]}<\/script>\n<!-- \/ Yoast SEO plugin. -->","yoast_head_json":{"title":"P\u00d6YT\u00c4VARAUKSET - Viides N&auml;ytt&auml;m&ouml;","robots":{"index":"index","follow":"follow","max-snippet":"max-snippet:-1","max-image-preview":"max-image-preview:large","max-video-preview":"max-video-preview:-1"},"canonical":"http:\/\/www.viidesnayttamo.fi\/?page_id=83","og_locale":"en_US","og_type":"article","og_title":"P\u00d6YT\u00c4VARAUKSET - Viides N&auml;ytt&auml;m&ouml;","og_description":"P\u00f6yt\u00e4varausj\u00e4rjestelm\u00e4st\u00e4 voit tehd\u00e4 varauksia vain 1-6 hengen seurueille. Yli kuuden hengen varauksissa ole yhteydess\u00e4 meihin s\u00e4hk\u00f6postilla viidesnayttamo@kulttuuriranta.fi. Tee varauksesi t\u00e4\u00e4ll\u00e4. Otamme p\u00f6yt\u00e4varauksia my\u00f6s lounasaikaan klo 11-14. Huomioithan ett\u00e4 lounasaikaan bistromenu ei ole tarjolla vaan tarjoamme buffetlounasta. Katso viikon lounaslista t\u00e4\u00e4lt\u00e4 Turun kaupunginteatterin lahjakortit k\u00e4yv\u00e4t ravintolassa maksuv\u00e4lineen\u00e4. Huomioithan, ett\u00e4 emme voi antaa lahjakortista takaisin, eli kokoContinue reading &rarr;","og_url":"http:\/\/www.viidesnayttamo.fi\/?page_id=83","og_site_name":"Viides N&auml;ytt&auml;m&ouml;","article_publisher":"https:\/\/www.facebook.com\/viidesnayttamo","article_modified_time":"2025-10-22T07:23:27+00:00","twitter_card":"summary_large_image","twitter_misc":{"Est. reading time":"1 minute"},"schema":{"@context":"https:\/\/schema.org","@graph":[{"@type":"WebPage","@id":"http:\/\/www.viidesnayttamo.fi\/?page_id=83","url":"http:\/\/www.viidesnayttamo.fi\/?page_id=83","name":"P\u00d6YT\u00c4VARAUKSET - Viides N&auml;ytt&auml;m&ouml;","isPartOf":{"@id":"http:\/\/www.viidesnayttamo.fi\/#website"},"datePublished":"2021-05-28T09:34:10+00:00","dateModified":"2025-10-22T07:23:27+00:00","breadcrumb":{"@id":"http:\/\/www.viidesnayttamo.fi\/?page_id=83#breadcrumb"},"inLanguage":"en","potentialAction":[{"@type":"ReadAction","target":["http:\/\/www.viidesnayttamo.fi\/?page_id=83"]}]},{"@type":"BreadcrumbList","@id":"http:\/\/www.viidesnayttamo.fi\/?page_id=83#breadcrumb","itemListElement":[{"@type":"ListItem","position":1,"name":"Home","item":"http:\/\/www.viidesnayttamo.fi\/"},{"@type":"ListItem","position":2,"name":"P\u00d6YT\u00c4VARAUKSET"}]},{"@type":"WebSite","@id":"http:\/\/www.viidesnayttamo.fi\/#website","url":"http:\/\/www.viidesnayttamo.fi\/","name":"Viides N\u00e4ytt\u00e4m\u00f6","description":"Ravintola","publisher":{"@id":"http:\/\/www.viidesnayttamo.fi\/#organization"},"potentialAction":[{"@type":"SearchAction","target":{"@type":"EntryPoint","urlTemplate":"http:\/\/www.viidesnayttamo.fi\/?s={search_term_string}"},"query-input":"required name=search_term_string"}],"inLanguage":"en"},{"@type":"Organization","@id":"http:\/\/www.viidesnayttamo.fi\/#organization","name":"Viides n\u00e4ytt\u00e4m\u00f6","url":"http:\/\/www.viidesnayttamo.fi\/","logo":{"@type":"ImageObject","inLanguage":"en","@id":"http:\/\/www.viidesnayttamo.fi\/#\/schema\/logo\/image\/","url":"https:\/\/www.viidesnayttamo.fi\/wp-content\/uploads\/2021\/05\/VN-3D-RGB-NELIO-1.png","contentUrl":"https:\/\/www.viidesnayttamo.fi\/wp-content\/uploads\/2021\/05\/VN-3D-RGB-NELIO-1.png","width":1080,"height":1080,"caption":"Viides n\u00e4ytt\u00e4m\u00f6"},"image":{"@id":"http:\/\/www.viidesnayttamo.fi\/#\/schema\/logo\/image\/"},"sameAs":["https:\/\/www.facebook.com\/viidesnayttamo","https:\/\/www.instagram.com\/viidesnayttamo\/"]}]}},"_links":{"self":[{"href":"http:\/\/www.viidesnayttamo.fi\/index.php?rest_route=\/wp\/v2\/pages\/83","targetHints":{"allow":["GET"]}}],"collection":[{"href":"http:\/\/www.viidesnayttamo.fi\/index.php?rest_route=\/wp\/v2\/pages"}],"about":[{"href":"http:\/\/www.viidesnayttamo.fi\/index.php?rest_route=\/wp\/v2\/types\/page"}],"author":[{"embeddable":true,"href":"http:\/\/www.viidesnayttamo.fi\/index.php?rest_route=\/wp\/v2\/users\/1"}],"replies":[{"embeddable":true,"href":"http:\/\/www.viidesnayttamo.fi\/index.php?rest_route=%2Fwp%2Fv2%2Fcomments&post=83"}],"version-history":[{"count":27,"href":"http:\/\/www.viidesnayttamo.fi\/index.php?rest_route=\/wp\/v2\/pages\/83\/revisions"}],"predecessor-version":[{"id":1357,"href":"http:\/\/www.viidesnayttamo.fi\/index.php?rest_route=\/wp\/v2\/pages\/83\/revisions\/1357"}],"wp:attachment":[{"href":"http:\/\/www.viidesnayttamo.fi\/index.php?rest_route=%2Fwp%2Fv2%2Fmedia&parent=83"}],"curies":[{"name":"wp","href":"https:\/\/api.w.org\/{rel}","templated":true}]}}